{"id":211496,"date":"2018-09-07T10:50:56","date_gmt":"2018-09-07T13:50:56","guid":{"rendered":"http:\/\/tepualrentacar.cl\/web\/?page_id=211496"},"modified":"2018-10-08T13:18:00","modified_gmt":"2018-10-08T16:18:00","slug":"quienes-somos","status":"publish","type":"page","link":"https:\/\/tepualrentacar.cl\/web\/quienes-somos\/","title":{"rendered":"quienes somos"},"content":{"rendered":"<p>[et_pb_section fb_built=&#8221;1&#8243; fullwidth=&#8221;on&#8221; _builder_version=&#8221;3.0.97&#8243; custom_margin=&#8221;|||&#8221; custom_padding=&#8221;0px|0px|0px|0px&#8221;][et_pb_fullwidth_header title=&#8221;Mision y Vision &#8221; subhead=&#8221;Tepual renta a car&#8221; background_overlay_color=&#8221;rgba(0,0,0,0.36)&#8221; _builder_version=&#8221;3.12.2&#8243; title_font=&#8221;Poppins|700|||||||&#8221; title_font_size=&#8221;40px&#8221; title_letter_spacing=&#8221;2px&#8221; content_font=&#8221;Poppins|600|||||||&#8221; content_line_height=&#8221;0.9em&#8221; subhead_font=&#8221;Poppins|500|||||||&#8221; subhead_font_size=&#8221;17px&#8221; subhead_line_height=&#8221;2.3em&#8221; background_color=&#8221;rgba(255,255,255,0)&#8221; background_image=&#8221;http:\/\/tepualrentacar.cl\/web\/wp-content\/uploads\/2018\/09\/985528e80a347f3b98928c89b3fbef0e.jpg&#8221; parallax=&#8221;on&#8221; custom_margin=&#8221;|||&#8221; custom_padding=&#8221;80px||50px|&#8221;][\/et_pb_fullwidth_header][\/et_pb_section][et_pb_section fb_built=&#8221;1&#8243; _builder_version=&#8221;3.0.97&#8243;][et_pb_row custom_padding=&#8221;27px|0px|0px|0px&#8221; _builder_version=&#8221;3.0.97&#8243;][et_pb_column type=&#8221;1_2&#8243; _builder_version=&#8221;3.0.47&#8243; parallax=&#8221;off&#8221; parallax_method=&#8221;on&#8221;][et_pb_cta title=&#8221;Misi\u00f3n&#8221; button_url=&#8221;#&#8221; _builder_version=&#8221;3.0.97&#8243; header_font=&#8221;Poppins|700|||||||&#8221; header_text_align=&#8221;left&#8221; header_text_color=&#8221;#000000&#8243; header_font_size=&#8221;34&#8243; header_font_size_tablet=&#8221;30&#8243; header_font_size_phone=&#8221;26&#8243; header_font_size_last_edited=&#8221;on|phone&#8221; header_line_height=&#8221;1.4em&#8221; body_font=&#8221;Poppins|300|||||||&#8221; body_text_align=&#8221;center&#8221; body_text_color=&#8221;#8d8d8d&#8221; body_font_size=&#8221;16px&#8221; body_letter_spacing=&#8221;1px&#8221; use_background_color=&#8221;off&#8221; custom_button=&#8221;on&#8221; button_text_size=&#8221;18&#8243; button_text_color=&#8221;#ffffff&#8221; button_bg_color=&#8221;rgba(224,11,0,0.75)&#8221; button_border_width=&#8221;0&#8243; button_border_radius=&#8221;25px&#8221; button_font=&#8221;Poppins|500|||||||&#8221; button_use_icon=&#8221;off&#8221; button_text_color_hover=&#8221;#ffffff&#8221; button_bg_color_hover=&#8221;#e00b00&#8243; button_border_radius_hover=&#8221;25px&#8221; button_alignment=&#8221;left&#8221; text_orientation=&#8221;left&#8221; custom_css_promo_description=&#8221;padding-bottom: 2.6vw;&#8221; custom_css_promo_button=&#8221;padding: 12px 41px !important;&#8221; custom_css_promo_title=&#8221;padding-bottom: 23px;&#8221;]<\/p>\n<p style=\"text-align: justify;\"><strong>NUESTRA EMPRESA TEPUAL RENT A CAR<\/strong>, satisface el servicio de alquiler de arriendo de veh\u00cdculos a nuestros clientes proporcion\u00e1ndoles un gran servicio las 24 horas; con r\u00e1pidez y calidad que nos caracteriza, ofreciendo precio competitivo para as\u00ed convertirnos en n\u00famero uno en alquiler de veh\u00edculos; por la transparencia, amabilidad y respeto a nuestros clientes.<\/p>\n<p>[\/et_pb_cta][\/et_pb_column][et_pb_column type=&#8221;1_2&#8243; _builder_version=&#8221;3.0.47&#8243; parallax=&#8221;off&#8221; parallax_method=&#8221;on&#8221;][et_pb_cta title=&#8221;Visi\u00f3n &#8221; button_url=&#8221;#&#8221; _builder_version=&#8221;3.0.97&#8243; header_font=&#8221;Poppins|700|||||||&#8221; header_text_align=&#8221;left&#8221; header_text_color=&#8221;#000000&#8243; header_font_size=&#8221;34&#8243; header_font_size_tablet=&#8221;30&#8243; header_font_size_phone=&#8221;26&#8243; header_font_size_last_edited=&#8221;on|phone&#8221; header_line_height=&#8221;1.4em&#8221; body_font=&#8221;Poppins|300|||||||&#8221; body_text_align=&#8221;center&#8221; body_text_color=&#8221;#8d8d8d&#8221; body_font_size=&#8221;16px&#8221; body_letter_spacing=&#8221;1px&#8221; use_background_color=&#8221;off&#8221; custom_button=&#8221;on&#8221; button_text_size=&#8221;18&#8243; button_text_color=&#8221;#ffffff&#8221; button_bg_color=&#8221;rgba(224,11,0,0.75)&#8221; button_border_width=&#8221;0&#8243; button_border_radius=&#8221;25px&#8221; button_font=&#8221;Poppins|500|||||||&#8221; button_use_icon=&#8221;off&#8221; button_text_color_hover=&#8221;#ffffff&#8221; button_bg_color_hover=&#8221;#e00b00&#8243; button_border_radius_hover=&#8221;25px&#8221; button_alignment=&#8221;left&#8221; text_orientation=&#8221;left&#8221; custom_css_promo_description=&#8221;padding-bottom: 2.6vw;&#8221; custom_css_promo_button=&#8221;padding: 12px 41px !important;&#8221; custom_css_promo_title=&#8221;padding-bottom: 23px;&#8221;]<\/p>\n<p style=\"text-align: justify;\">Ser la mejor compa\u00f1\u00eda de alquiler de veh\u00edculos con m\u00e1s demanda en el mercado tur\u00edstico y empresarial. Por destacarse por nuestra transparencia y calidad en servicio prestado.<\/p>\n<p>[\/et_pb_cta][\/et_pb_column][\/et_pb_row][\/et_pb_section][et_pb_section fb_built=&#8221;1&#8243; inner_shadow=&#8221;on&#8221; admin_label=&#8221;section&#8221; _builder_version=&#8221;3.0.97&#8243; background_color=&#8221;#2d2d2d&#8221; background_image=&#8221;http:\/\/tepualrentacar.cl\/web\/wp-content\/uploads\/2018\/09\/985528e80a347f3b98928c89b3fbef0e.jpg&#8221; background_blend=&#8221;difference&#8221; custom_padding=&#8221;0px||0px|&#8221;][et_pb_row use_custom_gutter=&#8221;on&#8221; gutter_width=&#8221;2&#8243; custom_padding=&#8221;92px||92px|&#8221; custom_padding_tablet=&#8221;100px||100px|&#8221; padding_mobile=&#8221;on&#8221; column_padding_mobile=&#8221;on&#8221; custom_padding_last_edited=&#8221;on|desktop&#8221; parallax_method_1=&#8221;off&#8221; parallax_method_2=&#8221;off&#8221; admin_label=&#8221;row&#8221; _builder_version=&#8221;3.0.47&#8243; background_size=&#8221;initial&#8221; background_position=&#8221;top_left&#8221; background_repeat=&#8221;repeat&#8221;][et_pb_column type=&#8221;4_4&#8243; _builder_version=&#8221;3.0.47&#8243; column_padding_mobile=&#8221;on&#8221; parallax=&#8221;off&#8221; parallax_method=&#8221;off&#8221;][et_pb_text _builder_version=&#8221;3.0.97&#8243; text_font=&#8221;Playfair Display||||&#8221; text_text_color=&#8221;#ffffff&#8221; text_font_size=&#8221;25px&#8221; text_font_size_tablet=&#8221;36&#8243; text_font_size_last_edited=&#8221;on|desktop&#8221; text_line_height=&#8221;1.5em&#8221; header_font=&#8221;||||||||&#8221; background_size=&#8221;initial&#8221; background_position=&#8221;top_left&#8221; background_repeat=&#8221;repeat&#8221; box_shadow_style=&#8221;preset1&#8243; box_shadow_horizontal=&#8221;4px&#8221; box_shadow_vertical=&#8221;0px&#8221; box_shadow_blur=&#8221;41px&#8221; box_shadow_spread=&#8221;-7px&#8221; box_shadow_color=&#8221;rgba(0,0,0,0.29)&#8221; text_orientation=&#8221;center&#8221; module_alignment=&#8221;center&#8221; custom_margin=&#8221;||10px|&#8221; custom_margin_last_edited=&#8221;on|desktop&#8221; use_border_color=&#8221;off&#8221; border_color=&#8221;#ffffff&#8221; border_style=&#8221;solid&#8221;]&#8221; Empresa tepual renta a car, l\u00edder como emprendedores de servicio en arriendo de veh\u00edculos&#8221;<br \/>\n[\/et_pb_text][et_pb_divider show_divider=&#8221;off&#8221; disabled_on=&#8221;on|on|off&#8221; _builder_version=&#8221;3.2&#8243; hide_on_mobile=&#8221;on&#8221;][\/et_pb_divider][\/et_pb_column][\/et_pb_row][\/et_pb_section][et_pb_section fb_built=&#8221;1&#8243; _builder_version=&#8221;3.12.2&#8243; background_color=&#8221;#3c3d41&#8243; custom_padding=&#8221;0px||0px|&#8221; custom_padding_tablet=&#8221;0px||0px|&#8221; transparent_background=&#8221;off&#8221; padding_mobile=&#8221;on&#8221; saved_tabs=&#8221;all&#8221; global_module=&#8221;211671&#8243;][et_pb_row use_custom_gutter=&#8221;on&#8221; gutter_width=&#8221;2&#8243; custom_padding=&#8221;50px||50px|&#8221; padding_mobile=&#8221;on&#8221; column_padding_mobile=&#8221;on&#8221; parallax_method_1=&#8221;off&#8221; parallax_method_2=&#8221;off&#8221; parallax_method_3=&#8221;off&#8221; _builder_version=&#8221;3.0.47&#8243; background_size=&#8221;initial&#8221; background_position=&#8221;top_left&#8221; background_repeat=&#8221;repeat&#8221;][et_pb_column type=&#8221;1_4&#8243; _builder_version=&#8221;3.0.47&#8243; column_padding_mobile=&#8221;on&#8221; parallax=&#8221;off&#8221; parallax_method=&#8221;off&#8221;][et_pb_text _builder_version=&#8221;3.0.97&#8243; text_font=&#8221;Raleway|on|||&#8221; text_text_color=&#8221;#ffffff&#8221; text_font_size=&#8221;28&#8243; text_line_height=&#8221;1.4em&#8221; background_size=&#8221;initial&#8221; background_position=&#8221;top_left&#8221; background_repeat=&#8221;repeat&#8221; custom_margin=&#8221;||8px|&#8221; custom_css_main_element=&#8221;font-weight: 900;&#8221; use_border_color=&#8221;off&#8221; border_color=&#8221;#ffffff&#8221; border_style=&#8221;solid&#8221;]<img loading=\"lazy\" decoding=\"async\" class=\"wp-image-210713 alignnone size-medium\" src=\"http:\/\/tepualrentacar.cl\/web\/wp-content\/uploads\/2018\/09\/LOGO-TEPUAL-RENT-A-CAR-BLANCO_Mesa-de-trabajo-1-300x212.png\" alt=\"\" width=\"136\" height=\"96\" \/><br \/>\n[\/et_pb_text][\/et_pb_column][et_pb_column type=&#8221;1_4&#8243; _builder_version=&#8221;3.0.47&#8243; column_padding_mobile=&#8221;on&#8221; parallax=&#8221;off&#8221; parallax_method=&#8221;off&#8221;][et_pb_text _builder_version=&#8221;3.12.2&#8243; text_font=&#8221;Source Sans Pro|on|||&#8221; text_text_color=&#8221;#666666&#8243; text_font_size=&#8221;18&#8243; text_line_height=&#8221;1.4em&#8221; background_size=&#8221;initial&#8221; background_position=&#8221;top_left&#8221; background_repeat=&#8221;repeat&#8221; custom_margin=&#8221;||8px|&#8221; use_border_color=&#8221;off&#8221; border_color=&#8221;#ffffff&#8221; border_style=&#8221;solid&#8221;]Menu<br \/>\n[\/et_pb_text][et_pb_text _builder_version=&#8221;3.12.2&#8243; text_font=&#8221;Source Sans Pro||||&#8221; text_text_color=&#8221;#ffffff&#8221; text_font_size=&#8221;18&#8243; text_line_height=&#8221;2.2em&#8221; background_size=&#8221;initial&#8221; background_position=&#8221;top_left&#8221; background_repeat=&#8221;repeat&#8221; custom_padding=&#8221;0px|||&#8221; use_border_color=&#8221;off&#8221; border_color=&#8221;#ffffff&#8221; border_style=&#8221;solid&#8221;]<\/p>\n<p><span style=\"color: #ffffff;\"><a style=\"color: #ffffff;\" href=\"http:\/\/tepualrentacar.cl\/web\">Inicio<\/a><\/span><br \/> <span style=\"color: #ffffff;\"><a style=\"color: #ffffff;\" href=\"http:\/\/tepualrentacar.cl\/web\/quienes-somos\/\">Quienes Somos<\/a><\/span><br \/> <span style=\"color: #ffffff;\"><a style=\"color: #ffffff;\" href=\"http:\/\/tepualrentacar.cl\/web\/nuestra-flota\/\">Nuestra Flota<\/a><\/span><br \/> <span style=\"color: #ffffff;\"><a style=\"color: #ffffff;\" href=\"http:\/\/tepualrentacar.cl\/web\/servicios\/\">Servicios<\/a><\/span><br \/> <span style=\"color: #ffffff;\"><a style=\"color: #ffffff;\" href=\"http:\/\/tepualrentacar.cl\/web\/contactos\/\">Contactos<\/a><\/span><\/p>\n<p>[\/et_pb_text][\/et_pb_column][et_pb_column type=&#8221;1_4&#8243; _builder_version=&#8221;3.0.47&#8243; column_padding_mobile=&#8221;on&#8221; parallax=&#8221;off&#8221; parallax_method=&#8221;off&#8221;][et_pb_text _builder_version=&#8221;3.0.97&#8243; text_font=&#8221;Source Sans Pro|on|||&#8221; text_text_color=&#8221;#666666&#8243; text_font_size=&#8221;18&#8243; text_line_height=&#8221;1.4em&#8221; background_size=&#8221;initial&#8221; background_position=&#8221;top_left&#8221; background_repeat=&#8221;repeat&#8221; custom_margin=&#8221;||8px|&#8221; use_border_color=&#8221;off&#8221; border_color=&#8221;#ffffff&#8221; border_style=&#8221;solid&#8221;]Necesitas Ayuda?<br \/>\n[\/et_pb_text][et_pb_text _builder_version=&#8221;3.0.97&#8243; text_font=&#8221;Source Sans Pro||||&#8221; text_text_color=&#8221;#ffffff&#8221; text_font_size=&#8221;18px&#8221; text_line_height=&#8221;2.2em&#8221; header_font=&#8221;||||||||&#8221; header_font_size=&#8221;32px&#8221; header_line_height=&#8221;1.1em&#8221; background_size=&#8221;initial&#8221; background_position=&#8221;top_left&#8221; background_repeat=&#8221;repeat&#8221; custom_padding=&#8221;0px|||&#8221; use_border_color=&#8221;off&#8221; border_color=&#8221;#ffffff&#8221; border_style=&#8221;solid&#8221;]Llamanos al:<br \/>\n<span style=\"color: #ffffff;\"><a style=\"color: #ffffff;\" href=\"tel:+56971071322\">+56971071322<\/a> \u00a0\/ \u00a0+<a style=\"color: #ffffff;\" href=\"tel:+56972612317\">56972612317<\/a><\/span><br \/>\n<span style=\"color: #ffffff;\">Direcci\u00f3n: <\/span>km 11.5 Sector el Tepual<span style=\"font-size: 18px;\">. Puerto Montt, Chile.<\/span><br \/>\n[\/et_pb_text][\/et_pb_column][et_pb_column type=&#8221;1_4&#8243; _builder_version=&#8221;3.0.47&#8243; column_padding_mobile=&#8221;on&#8221; parallax=&#8221;off&#8221; parallax_method=&#8221;on&#8221;][et_pb_text _builder_version=&#8221;3.0.97&#8243; text_font=&#8221;Source Sans Pro|on|||&#8221; text_text_color=&#8221;#666666&#8243; text_font_size=&#8221;18&#8243; text_line_height=&#8221;1.4em&#8221; background_size=&#8221;initial&#8221; background_position=&#8221;top_left&#8221; background_repeat=&#8221;repeat&#8221; custom_margin=&#8221;||8px|&#8221; use_border_color=&#8221;off&#8221; border_color=&#8221;#ffffff&#8221; border_style=&#8221;solid&#8221;]Siguenos en Facebook<br \/>\n[\/et_pb_text][et_pb_social_media_follow _builder_version=&#8221;3.0.97&#8243; border_radii=&#8221;on|100%|100%|100%|100%&#8221; link_shape=&#8221;circle&#8221;][et_pb_social_media_follow_network social_network=&#8221;facebook&#8221; url=&#8221;https:\/\/www.facebook.com\/Tepual-Rent-a-Car-Puerto-Montt-1806176209688479\/&#8221; _builder_version=&#8221;3.0.97&#8243; background_color=&#8221;#3b5998&#8243; border_radii=&#8221;on|5px|5px|5px|5px&#8221; border_color_all=&#8221;#260ab2&#8243; border_width_right=&#8221;0px&#8221; custom_margin=&#8221;|||&#8221; custom_padding=&#8221;5px|5px|5px|5px&#8221; bg_color=&#8221;#3b5998&#8243; link_shape=&#8221;circle&#8221; follow_button=&#8221;off&#8221; url_new_window=&#8221;on&#8221;]facebook[\/et_pb_social_media_follow_network][\/et_pb_social_media_follow][et_pb_text _builder_version=&#8221;3.0.97&#8243; text_font=&#8221;Source Sans Pro|on|||&#8221; text_text_color=&#8221;#666666&#8243; text_font_size=&#8221;18&#8243; text_line_height=&#8221;1.4em&#8221; background_size=&#8221;initial&#8221; background_position=&#8221;top_left&#8221; background_repeat=&#8221;repeat&#8221; custom_margin=&#8221;||8px|&#8221; use_border_color=&#8221;off&#8221; border_color=&#8221;#ffffff&#8221; border_style=&#8221;solid&#8221;]<\/p>\n<p class=\"_2nlv\"><span id=\"fb-timeline-cover-name\" class=\"_2t_q\" data-testid=\"profile_name_in_profile_page\">Burbujas Smart Wash<\/span><\/p>\n<p>[\/et_pb_text][et_pb_social_media_follow _builder_version=&#8221;3.0.97&#8243; border_radii=&#8221;on|100%|100%|100%|100%&#8221; link_shape=&#8221;circle&#8221;][et_pb_social_media_follow_network social_network=&#8221;facebook&#8221; url=&#8221;https:\/\/www.facebook.com\/burbujas.smartwash&#8221; _builder_version=&#8221;3.0.97&#8243; background_color=&#8221;#529bd3&#8243; use_background_color_gradient=&#8221;on&#8221; background_color_gradient_start=&#8221;#9b3006&#8243; background_color_gradient_end=&#8221;#d9e52d&#8221; border_radii=&#8221;on|5px|5px|5px|5px&#8221; border_color_all=&#8221;#260ab2&#8243; border_width_right=&#8221;0px&#8221; custom_margin=&#8221;|||&#8221; custom_padding=&#8221;5px|5px|5px|5px&#8221; bg_color=&#8221;#3b5998&#8243; link_shape=&#8221;circle&#8221; follow_button=&#8221;off&#8221; url_new_window=&#8221;on&#8221;]facebook[\/et_pb_social_media_follow_network][\/et_pb_social_media_follow][et_pb_divider show_divider=&#8221;off&#8221; height=&#8221;10&#8243; disabled_on=&#8221;on|on|off&#8221; _builder_version=&#8221;3.2&#8243; hide_on_mobile=&#8221;on&#8221;][\/et_pb_divider][et_pb_button button_url=&#8221;http:\/\/tepualrentacar.cl\/contactos\/&#8221; button_text=&#8221;RESERVA AQUI&#8221; button_alignment=&#8221;center&#8221; _builder_version=&#8221;3.0.97&#8243; custom_button=&#8221;on&#8221; button_text_size=&#8221;18&#8243; button_text_color=&#8221;#ffffff&#8221; button_bg_color=&#8221;rgba(224,11,0,0.75)&#8221; button_border_color=&#8221;rgba(224,11,0,0)&#8221; button_border_radius=&#8221;100&#8243; button_font=&#8221;Source Sans Pro||||&#8221; button_use_icon=&#8221;default&#8221; button_text_color_hover=&#8221;#ffffff&#8221; button_bg_color_hover=&#8221;#a31300&#8243; button_border_color_hover=&#8221;#a31300&#8243; button_border_radius_hover=&#8221;100&#8243; custom_css_main_element=&#8221;width:100%;||&#8221;][\/et_pb_button][\/et_pb_column][\/et_pb_row][\/et_pb_section]<\/p>\n","protected":false},"excerpt":{"rendered":"<p>NUESTRA EMPRESA TEPUAL RENT A CAR, satisface el servicio de alquiler de arriendo de veh\u00cdculos a nuestros clientes proporcion\u00e1ndoles un gran servicio las 24 horas; con r\u00e1pidez y calidad que nos caracteriza, ofreciendo precio competitivo para as\u00ed convertirnos en n\u00famero uno en alquiler de veh\u00edculos; por la transparencia, amabilidad y respeto a nuestros clientes. Ser [&hellip;]<\/p>\n","protected":false},"author":1,"featured_media":0,"parent":0,"menu_order":0,"comment_status":"closed","ping_status":"closed","template":"","meta":{"_et_pb_use_builder":"on","_et_pb_old_content":"","_et_gb_content_width":"","footnotes":""},"_links":{"self":[{"href":"https:\/\/tepualrentacar.cl\/web\/wp-json\/wp\/v2\/pages\/211496"}],"collection":[{"href":"https:\/\/tepualrentacar.cl\/web\/wp-json\/wp\/v2\/pages"}],"about":[{"href":"https:\/\/tepualrentacar.cl\/web\/wp-json\/wp\/v2\/types\/page"}],"author":[{"embeddable":true,"href":"https:\/\/tepualrentacar.cl\/web\/wp-json\/wp\/v2\/users\/1"}],"replies":[{"embeddable":true,"href":"https:\/\/tepualrentacar.cl\/web\/wp-json\/wp\/v2\/comments?post=211496"}],"version-history":[{"count":4,"href":"https:\/\/tepualrentacar.cl\/web\/wp-json\/wp\/v2\/pages\/211496\/revisions"}],"predecessor-version":[{"id":211673,"href":"https:\/\/tepualrentacar.cl\/web\/wp-json\/wp\/v2\/pages\/211496\/revisions\/211673"}],"wp:attachment":[{"href":"https:\/\/tepualrentacar.cl\/web\/wp-json\/wp\/v2\/media?parent=211496"}],"curies":[{"name":"wp","href":"https:\/\/api.w.org\/{rel}","templated":true}]}}